{"id":134,"date":"2025-07-09T10:09:14","date_gmt":"2025-07-09T10:09:14","guid":{"rendered":"https:\/\/fotografiastelmach.pl\/?page_id=134"},"modified":"2025-07-22T08:38:30","modified_gmt":"2025-07-22T08:38:30","slug":"wideo","status":"publish","type":"page","link":"https:\/\/fotografiastelmach.pl\/?page_id=134","title":{"rendered":"WIDEO"},"content":{"rendered":"\n<p>ALCATRAZ 2025: Serce ulicznego grania!<\/p>\n\n\n\n<p><strong>Lokalizacja:<\/strong>&nbsp;Centrum Wa\u0142brzycha<br><strong>Czas trwania:<\/strong>&nbsp;kr\u00f3tki metra\u017c<br><strong>Tematyka:<\/strong>&nbsp;koszyk\u00f3wka uliczna \/ sport \/ kultura miejska<\/p>\n\n\n\n<p>W centrum miasta, pomi\u0119dzy blokami i surowym klimatem codzienno\u015bci, powsta\u0142o miejsce, kt\u00f3re t\u0119tni prawdziw\u0105 energi\u0105 \u2013&nbsp;<strong>ALKATRAZ<\/strong>. To nie tylko boisko. To&nbsp;<strong>symbol<\/strong>.<br>Tu nie liczy si\u0119 parkiet, trybuny ani \u015bwiat\u0142a reflektor\u00f3w. Liczy si\u0119&nbsp;<strong>charakter, pasja i szacunek zdobywany nie s\u0142owem, a gr\u0105<\/strong>.<\/p>\n\n\n\n<p>Film \u201eAlkatraz\u201d to kr\u00f3tka, ale mocna opowie\u015b\u0107 o&nbsp;<strong>koszyk\u00f3wce ulicznej w Wa\u0142brzychu<\/strong>&nbsp;\u2013 surowej, autentycznej, prawdziwej. Przenosimy widza na boisko, gdzie ka\u017cdy rzut, ka\u017cdy pot i ka\u017cda chwila toczy si\u0119 o co\u015b wi\u0119cej ni\u017c punkty.<br>To ostra gra, mocne tempo i serce zostawione w betonie.<\/p>\n\n\n\n<p><\/p>\n\n\n\n<figure class=\"wp-block-embed is-type-video is-provider-youtube wp-block-embed-youtube wp-embed-aspect-16-9 wp-has-aspect-ratio\"><div class=\"wp-block-embed__wrapper\">\n<iframe loading=\"lazy\" title=\"Kulisy, akcja i rytm gry \u2013 witaj w Alkatraz 2025!\" width=\"1505\" height=\"847\" src=\"https:\/\/www.youtube.com\/embed\/QMNhic7ZwZc?feature=oembed\" frameborder=\"0\" allow=\"accelerometer; autoplay; clipboard-write; encrypted-media; gyroscope; picture-in-picture; web-share\" referrerpolicy=\"strict-origin-when-cross-origin\" allowfullscreen><\/iframe>\n<\/div><\/figure>\n\n\n\n<p>PUCHAR POLSKI 2025<\/p>\n\n\n\n<p><strong>Lokalizacja:<\/strong>\u00a0Sosnowiec<br><strong>Czas trwania:<\/strong>\u00a0kr\u00f3tki metra\u017c<br><strong>Tematyka:<\/strong>\u00a0koszyk\u00f3wka \/ sport \/ <\/p>\n\n\n\n<p>Film przedstawia skr\u00f3t fina\u0142owego spotkania Pucharu Polski, w kt\u00f3rym G\u00f3rnik Zamek Ksi\u0105\u017c triumfuje, zdobywaj\u0105c upragnione trofeum. Dynamiczne uj\u0119cia z meczu ukazuj\u0105 kluczowe akcje, emocje zawodnik\u00f3w oraz decyduj\u0105ce momenty prowadz\u0105ce do zwyci\u0119stwa. To wyj\u0105tkowy zapis historycznego sukcesu dru\u017cyny, kt\u00f3ry na d\u0142ugo pozostanie w pami\u0119ci kibic\u00f3w.<\/p>\n\n\n\n<figure class=\"wp-block-embed is-type-video is-provider-youtube wp-block-embed-youtube wp-embed-aspect-16-9 wp-has-aspect-ratio\"><div class=\"wp-block-embed__wrapper\">\n<iframe loading=\"lazy\" title=\"FINA\u0141 Pucharu Polski\" width=\"1505\" height=\"847\" src=\"https:\/\/www.youtube.com\/embed\/7EXC3L9cvPc?feature=oembed\" frameborder=\"0\" allow=\"accelerometer; autoplay; clipboard-write; encrypted-media; gyroscope; picture-in-picture; web-share\" referrerpolicy=\"strict-origin-when-cross-origin\" allowfullscreen><\/iframe>\n<\/div><\/figure>\n","protected":false},"excerpt":{"rendered":"<p>ALCATRAZ 2025: Serce ulicznego grania! Lokalizacja:&nbsp;Centrum Wa\u0142brzychaCzas trwania:&nbsp;kr\u00f3tki metra\u017cTematyka:&nbsp;koszyk\u00f3wka uliczna \/ sport \/ kultura miejska W centrum miasta, pomi\u0119dzy blokami i surowym klimatem codzienno\u015bci, powsta\u0142o miejsce, kt\u00f3re t\u0119tni prawdziw\u0105 energi\u0105 \u2013&nbsp;ALKATRAZ. To nie tylko boisko. To&nbsp;symbol.Tu nie liczy si\u0119 parkiet, trybuny ani \u015bwiat\u0142a reflektor\u00f3w. Liczy si\u0119&nbsp;charakter, pasja i szacunek zdobywany &hellip;<\/p>\n","protected":false},"author":1,"featured_media":0,"parent":0,"menu_order":2,"comment_status":"closed","ping_status":"closed","template":"","meta":{"ngg_post_thumbnail":0,"footnotes":""},"class_list":["post-134","page","type-page","status-publish","hentry"],"_links":{"self":[{"href":"https:\/\/fotografiastelmach.pl\/index.php?rest_route=\/wp\/v2\/pages\/134","targetHints":{"allow":["GET"]}}],"collection":[{"href":"https:\/\/fotografiastelmach.pl\/index.php?rest_route=\/wp\/v2\/pages"}],"about":[{"href":"https:\/\/fotografiastelmach.pl\/index.php?rest_route=\/wp\/v2\/types\/page"}],"author":[{"embeddable":true,"href":"https:\/\/fotografiastelmach.pl\/index.php?rest_route=\/wp\/v2\/users\/1"}],"replies":[{"embeddable":true,"href":"https:\/\/fotografiastelmach.pl\/index.php?rest_route=%2Fwp%2Fv2%2Fcomments&post=134"}],"version-history":[{"count":8,"href":"https:\/\/fotografiastelmach.pl\/index.php?rest_route=\/wp\/v2\/pages\/134\/revisions"}],"predecessor-version":[{"id":177,"href":"https:\/\/fotografiastelmach.pl\/index.php?rest_route=\/wp\/v2\/pages\/134\/revisions\/177"}],"wp:attachment":[{"href":"https:\/\/fotografiastelmach.pl\/index.php?rest_route=%2Fwp%2Fv2%2Fmedia&parent=134"}],"curies":[{"name":"wp","href":"https:\/\/api.w.org\/{rel}","templated":true}]}}