{"id":143,"date":"2025-07-09T11:40:39","date_gmt":"2025-07-09T11:40:39","guid":{"rendered":"https:\/\/fotografiastelmach.pl\/?page_id=143"},"modified":"2025-07-09T11:47:14","modified_gmt":"2025-07-09T11:47:14","slug":"grafika","status":"publish","type":"page","link":"https:\/\/fotografiastelmach.pl\/?page_id=143","title":{"rendered":"GRAFIKA"},"content":{"rendered":"\n<h3 class=\"wp-block-heading\">Kompleksowy branding \u2013 od wizji do wdro\u017cenia<\/h3>\n\n\n\n<p>Zrealizowa\u0142em pe\u0142n\u0105 identyfikacj\u0119 wizualn\u0105 marki \u2013 od koncepcji, przez projekt, a\u017c po gotowe materia\u0142y. Projekt obejmowa\u0142&nbsp;<strong>kompletny rebranding firmy<\/strong>, kt\u00f3rego celem by\u0142o nadanie marce nowoczesnego, sp\u00f3jnego i profesjonalnego wizerunku.<\/p>\n\n\n\n<p>W ramach realizacji:<\/p>\n\n\n\n<p><strong>Od\u015bwie\u017cony logotyp<\/strong>\u00a0\u2013 nowoczesna forma z zachowaniem charakteru marki<br><strong>Sp\u00f3jna kolorystyka i typografia<\/strong>\u00a0\u2013 przemy\u015blana estetyka, kt\u00f3ra dzia\u0142a w ka\u017cdej formie<br><strong>Projekt wizyt\u00f3wek<\/strong>\u00a0\u2013 eleganckie, czytelne, dopasowane do bran\u017cy<br><strong>Materia\u0142y drukowane i cyfrowe<\/strong>\u00a0\u2013 ulotki, banery, grafiki do social medi\u00f3w, prezentacje<br><strong>Style guide<\/strong>\u00a0\u2013 zestaw wytycznych, kt\u00f3ry pozwala zachowa\u0107 sp\u00f3jno\u015b\u0107 marki w przysz\u0142o\u015bci<\/p>\n\n\n\n<p>Ten projekt to przyk\u0142ad na to, jak \u015bwiadomie prowadzony branding mo\u017ce odmieni\u0107 odbi\u00f3r firmy \u2013 nada\u0107 jej now\u0105 energi\u0119, wyr\u00f3\u017cni\u0107 j\u0105 na rynku i zbudowa\u0107 silniejszy przekaz wizualny.<\/p>\n\n\n\n<figure class=\"wp-block-gallery has-nested-images columns-default is-cropped wp-block-gallery-1 is-layout-flex wp-block-gallery-is-layout-flex\">\n<figure class=\"wp-block-image size-large\"><img loading=\"lazy\" decoding=\"async\" width=\"1024\" height=\"576\" data-id=\"147\" src=\"https:\/\/fotografiastelmach.pl\/wp-content\/uploads\/2025\/07\/5-1024x576.jpg\" alt=\"\" class=\"wp-image-147\" srcset=\"https:\/\/fotografiastelmach.pl\/wp-content\/uploads\/2025\/07\/5-1024x576.jpg 1024w, https:\/\/fotografiastelmach.pl\/wp-content\/uploads\/2025\/07\/5-300x169.jpg 300w, https:\/\/fotografiastelmach.pl\/wp-content\/uploads\/2025\/07\/5-768x432.jpg 768w, https:\/\/fotografiastelmach.pl\/wp-content\/uploads\/2025\/07\/5-1536x864.jpg 1536w, https:\/\/fotografiastelmach.pl\/wp-content\/uploads\/2025\/07\/5.jpg 1920w\" sizes=\"auto, (max-width: 1024px) 100vw, 1024px\" \/><\/figure>\n\n\n\n<figure class=\"wp-block-image size-large\"><img loading=\"lazy\" decoding=\"async\" width=\"1024\" height=\"576\" data-id=\"148\" src=\"https:\/\/fotografiastelmach.pl\/wp-content\/uploads\/2025\/07\/7-1024x576.jpg\" alt=\"\" class=\"wp-image-148\" srcset=\"https:\/\/fotografiastelmach.pl\/wp-content\/uploads\/2025\/07\/7-1024x576.jpg 1024w, https:\/\/fotografiastelmach.pl\/wp-content\/uploads\/2025\/07\/7-300x169.jpg 300w, https:\/\/fotografiastelmach.pl\/wp-content\/uploads\/2025\/07\/7-768x432.jpg 768w, https:\/\/fotografiastelmach.pl\/wp-content\/uploads\/2025\/07\/7-1536x864.jpg 1536w, https:\/\/fotografiastelmach.pl\/wp-content\/uploads\/2025\/07\/7.jpg 1920w\" sizes=\"auto, (max-width: 1024px) 100vw, 1024px\" \/><\/figure>\n\n\n\n<figure class=\"wp-block-image size-large\"><img loading=\"lazy\" decoding=\"async\" width=\"1024\" height=\"576\" data-id=\"149\" src=\"https:\/\/fotografiastelmach.pl\/wp-content\/uploads\/2025\/07\/8-1024x576.jpg\" alt=\"\" class=\"wp-image-149\" srcset=\"https:\/\/fotografiastelmach.pl\/wp-content\/uploads\/2025\/07\/8-1024x576.jpg 1024w, https:\/\/fotografiastelmach.pl\/wp-content\/uploads\/2025\/07\/8-300x169.jpg 300w, https:\/\/fotografiastelmach.pl\/wp-content\/uploads\/2025\/07\/8-768x432.jpg 768w, https:\/\/fotografiastelmach.pl\/wp-content\/uploads\/2025\/07\/8-1536x864.jpg 1536w, https:\/\/fotografiastelmach.pl\/wp-content\/uploads\/2025\/07\/8.jpg 1920w\" sizes=\"auto, (max-width: 1024px) 100vw, 1024px\" \/><\/figure>\n\n\n\n<figure class=\"wp-block-image size-large\"><img loading=\"lazy\" decoding=\"async\" width=\"1024\" height=\"576\" data-id=\"150\" src=\"https:\/\/fotografiastelmach.pl\/wp-content\/uploads\/2025\/07\/9-1024x576.jpg\" alt=\"\" class=\"wp-image-150\" srcset=\"https:\/\/fotografiastelmach.pl\/wp-content\/uploads\/2025\/07\/9-1024x576.jpg 1024w, https:\/\/fotografiastelmach.pl\/wp-content\/uploads\/2025\/07\/9-300x169.jpg 300w, https:\/\/fotografiastelmach.pl\/wp-content\/uploads\/2025\/07\/9-768x432.jpg 768w, https:\/\/fotografiastelmach.pl\/wp-content\/uploads\/2025\/07\/9-1536x864.jpg 1536w, https:\/\/fotografiastelmach.pl\/wp-content\/uploads\/2025\/07\/9.jpg 1920w\" sizes=\"auto, (max-width: 1024px) 100vw, 1024px\" \/><\/figure>\n<\/figure>\n","protected":false},"excerpt":{"rendered":"<p>Kompleksowy branding \u2013 od wizji do wdro\u017cenia Zrealizowa\u0142em pe\u0142n\u0105 identyfikacj\u0119 wizualn\u0105 marki \u2013 od koncepcji, przez projekt, a\u017c po gotowe materia\u0142y. Projekt obejmowa\u0142&nbsp;kompletny rebranding firmy, kt\u00f3rego celem by\u0142o nadanie marce nowoczesnego, sp\u00f3jnego i profesjonalnego wizerunku. W ramach realizacji: Od\u015bwie\u017cony logotyp\u00a0\u2013 nowoczesna forma z zachowaniem charakteru markiSp\u00f3jna kolorystyka i typografia\u00a0\u2013 przemy\u015blana &hellip;<\/p>\n","protected":false},"author":1,"featured_media":0,"parent":0,"menu_order":3,"comment_status":"closed","ping_status":"closed","template":"","meta":{"ngg_post_thumbnail":0,"footnotes":""},"class_list":["post-143","page","type-page","status-publish","hentry"],"_links":{"self":[{"href":"https:\/\/fotografiastelmach.pl\/index.php?rest_route=\/wp\/v2\/pages\/143","targetHints":{"allow":["GET"]}}],"collection":[{"href":"https:\/\/fotografiastelmach.pl\/index.php?rest_route=\/wp\/v2\/pages"}],"about":[{"href":"https:\/\/fotografiastelmach.pl\/index.php?rest_route=\/wp\/v2\/types\/page"}],"author":[{"embeddable":true,"href":"https:\/\/fotografiastelmach.pl\/index.php?rest_route=\/wp\/v2\/users\/1"}],"replies":[{"embeddable":true,"href":"https:\/\/fotografiastelmach.pl\/index.php?rest_route=%2Fwp%2Fv2%2Fcomments&post=143"}],"version-history":[{"count":4,"href":"https:\/\/fotografiastelmach.pl\/index.php?rest_route=\/wp\/v2\/pages\/143\/revisions"}],"predecessor-version":[{"id":151,"href":"https:\/\/fotografiastelmach.pl\/index.php?rest_route=\/wp\/v2\/pages\/143\/revisions\/151"}],"wp:attachment":[{"href":"https:\/\/fotografiastelmach.pl\/index.php?rest_route=%2Fwp%2Fv2%2Fmedia&parent=143"}],"curies":[{"name":"wp","href":"https:\/\/api.w.org\/{rel}","templated":true}]}}