{"id":2,"date":"2025-02-10T08:34:31","date_gmt":"2025-02-10T08:34:31","guid":{"rendered":"http:\/\/fotografiastelmach.pl\/?page_id=2"},"modified":"2026-02-01T21:52:34","modified_gmt":"2026-02-01T21:52:34","slug":"sample-page","status":"publish","type":"page","link":"https:\/\/fotografiastelmach.pl\/?page_id=2","title":{"rendered":"Troch\u0119 o mnie&#8230;"},"content":{"rendered":"\n<div class=\"wp-block-media-text is-stacked-on-mobile is-vertically-aligned-center\" style=\"grid-template-columns:15% auto\"><figure class=\"wp-block-media-text__media\"><img loading=\"lazy\" decoding=\"async\" width=\"580\" height=\"1024\" src=\"http:\/\/fotografiastelmach.pl\/wp-content\/uploads\/2025\/04\/profil-580x1024.jpg\" alt=\"\" class=\"wp-image-69 size-full\" srcset=\"https:\/\/fotografiastelmach.pl\/wp-content\/uploads\/2025\/04\/profil-580x1024.jpg 580w, https:\/\/fotografiastelmach.pl\/wp-content\/uploads\/2025\/04\/profil-170x300.jpg 170w, https:\/\/fotografiastelmach.pl\/wp-content\/uploads\/2025\/04\/profil-768x1356.jpg 768w, https:\/\/fotografiastelmach.pl\/wp-content\/uploads\/2025\/04\/profil-870x1536.jpg 870w, https:\/\/fotografiastelmach.pl\/wp-content\/uploads\/2025\/04\/profil.jpg 1160w\" sizes=\"auto, (max-width: 580px) 100vw, 580px\" \/><\/figure><div class=\"wp-block-media-text__content\">\n<p>Cze\u015b\u0107! Mam na imi\u0119 Marcin i od lat utrwalam to, co ulotne \u2014 emocje, ruch, spojrzenia, chwile. Fotografi\u0105 zajmuj\u0119 si\u0119 zawodowo, a jeszcze bardziej \u2013 z pasji. Specjalizuj\u0119 si\u0119 przede wszystkim w\u00a0<strong>fotografii sportowej i portretowej<\/strong>, ale na tym nie ko\u0144czy si\u0119 moja historia. <\/p>\n\n\n\n<p>Z ka\u017cdej sesji, wydarzenia czy zawod\u00f3w potrafi\u0119 stworzy\u0107 nie tylko wyj\u0105tkowe kadry, ale tak\u017ce\u00a0<strong>dynamiczne wideo<\/strong>, kt\u00f3re odda atmosfer\u0119 i energi\u0119 chwili.<\/p>\n\n\n\n<p>Dzi\u0119ki do\u015bwiadczeniu i refleksowi jestem tam, gdzie dzieje si\u0119 najwi\u0119cej, dok\u0142adnie wtedy, kiedy trzeba. Nie tylko dokumentuj\u0119 \u2014\u00a0<strong>tworz\u0119 opowie\u015bci<\/strong>. <\/p>\n\n\n\n<p>Z kolei w fotografii portretowej najwa\u017cniejszy jest cz\u0142owiek. Jego charakter, emocje, historia. Pracuj\u0119 z osobami prywatnymi, sportowcami, artystami, przedsi\u0119biorcami \u2014 z ka\u017cdym, kto chce pokaza\u0107 siebie w niepowtarzalny spos\u00f3b. Naturalno\u015b\u0107, autentyczno\u015b\u0107 i jako\u015b\u0107 \u2013 to moje priorytety.<\/p>\n<\/div><\/div>\n\n\n\n<p>Ale to jeszcze nie wszystko..<\/p>\n\n\n\n<p>R\u00f3wnolegle rozwijam si\u0119 jako tw\u00f3rca&nbsp;<strong>grafik i projekt\u00f3w wizualnych<\/strong>&nbsp;\u2013 od plakat\u00f3w, przez banery, a\u017c po kompleksowe materia\u0142y promocyjne. Je\u015bli organizujesz wydarzenie, potrzebujesz identyfikacji wizualnej lub po prostu chcesz, by Twoje tre\u015bci wygl\u0105da\u0142y profesjonalnie i sp\u00f3jnie \u2013 dobrze trafi\u0142e\u015b. Umiej\u0119tnie \u0142\u0105cz\u0119&nbsp;<strong>fotografi\u0119, wideo i grafik\u0119<\/strong>, tworz\u0105c kompleksowy zestaw materia\u0142\u00f3w gotowych do publikacji w mediach spo\u0142eczno\u015bciowych, druku czy kampanii reklamowych.<\/p>\n\n\n\n<p>To, co mnie wyr\u00f3\u017cnia?<\/p>\n\n\n\n<p><br>\ud83d\udc49 Wszechstronno\u015b\u0107 \u2013 jeden kontakt, wiele us\u0142ug.<br>\ud83d\udc49 Profesjonalizm \u2013 pracuj\u0119 na najwy\u017cszej jako\u015bci sprz\u0119cie i dostarczam gotowe materia\u0142y zawsze na czas.<br>\ud83d\udc49 Elastyczno\u015b\u0107 \u2013 dostosowuj\u0119 si\u0119 do Twoich potrzeb, niezale\u017cnie czy to du\u017ca impreza sportowa, intymna sesja czy projekt graficzny na wczoraj.<br>\ud83d\udc49 Pasja \u2013 to nie tylko praca, to m\u00f3j styl \u017cycia.<\/p>\n\n\n\n<p>Je\u015bli chcesz pokaza\u0107 siebie, swoje wydarzenie lub mark\u0119 w najlepszym \u015bwietle \u2014&nbsp;<strong>zr\u00f3bmy to razem<\/strong>.<\/p>\n","protected":false},"excerpt":{"rendered":"<p>Cze\u015b\u0107! Mam na imi\u0119 Marcin i od lat utrwalam to, co ulotne \u2014 emocje, ruch, spojrzenia, chwile. Fotografi\u0105 zajmuj\u0119 si\u0119 zawodowo, a jeszcze bardziej \u2013 z pasji. Specjalizuj\u0119 si\u0119 przede wszystkim w\u00a0fotografii sportowej i portretowej, ale na tym nie ko\u0144czy si\u0119 moja historia. Z ka\u017cdej sesji, wydarzenia czy zawod\u00f3w potrafi\u0119 &hellip;<\/p>\n","protected":false},"author":1,"featured_media":0,"parent":0,"menu_order":0,"comment_status":"closed","ping_status":"open","template":"","meta":{"ngg_post_thumbnail":0,"footnotes":""},"class_list":["post-2","page","type-page","status-publish","hentry"],"_links":{"self":[{"href":"https:\/\/fotografiastelmach.pl\/index.php?rest_route=\/wp\/v2\/pages\/2","targetHints":{"allow":["GET"]}}],"collection":[{"href":"https:\/\/fotografiastelmach.pl\/index.php?rest_route=\/wp\/v2\/pages"}],"about":[{"href":"https:\/\/fotografiastelmach.pl\/index.php?rest_route=\/wp\/v2\/types\/page"}],"author":[{"embeddable":true,"href":"https:\/\/fotografiastelmach.pl\/index.php?rest_route=\/wp\/v2\/users\/1"}],"replies":[{"embeddable":true,"href":"https:\/\/fotografiastelmach.pl\/index.php?rest_route=%2Fwp%2Fv2%2Fcomments&post=2"}],"version-history":[{"count":9,"href":"https:\/\/fotografiastelmach.pl\/index.php?rest_route=\/wp\/v2\/pages\/2\/revisions"}],"predecessor-version":[{"id":296,"href":"https:\/\/fotografiastelmach.pl\/index.php?rest_route=\/wp\/v2\/pages\/2\/revisions\/296"}],"wp:attachment":[{"href":"https:\/\/fotografiastelmach.pl\/index.php?rest_route=%2Fwp%2Fv2%2Fmedia&parent=2"}],"curies":[{"name":"wp","href":"https:\/\/api.w.org\/{rel}","templated":true}]}}